{"id":5,"date":"2022-11-27T20:59:59","date_gmt":"2022-11-27T20:59:59","guid":{"rendered":"https:\/\/ronjakarkinen.fi\/?page_id=5"},"modified":"2022-11-27T20:59:59","modified_gmt":"2022-11-27T20:59:59","slug":"etusivu","status":"publish","type":"page","link":"https:\/\/ronjakarkinen.fi\/","title":{"rendered":"Etusivu"},"content":{"rendered":"\n<p>Tervetuloa sivustollesi! T\u00e4m\u00e4 on etusivusi, jonka suurin osa sivustosi vierailijoista n\u00e4kee saapuessaan sivustollesi ensimm\u00e4ist\u00e4 kertaa.<\/p>\n","protected":false},"excerpt":{"rendered":"<p>Tervetuloa sivustollesi! T\u00e4m\u00e4 on etusivusi, jonka suurin osa sivustosi vierailijoista n\u00e4kee saapuessaan sivustollesi ensimm\u00e4ist\u00e4 kertaa.<\/p>\n","protected":false},"author":1,"featured_media":0,"parent":0,"menu_order":0,"comment_status":"closed","ping_status":"closed","template":"","meta":{"footnotes":""},"class_list":["post-5","page","type-page","status-publish","hentry","grid-sizer"],"_links":{"self":[{"href":"https:\/\/ronjakarkinen.fi\/index.php\/wp-json\/wp\/v2\/pages\/5","targetHints":{"allow":["GET"]}}],"collection":[{"href":"https:\/\/ronjakarkinen.fi\/index.php\/wp-json\/wp\/v2\/pages"}],"about":[{"href":"https:\/\/ronjakarkinen.fi\/index.php\/wp-json\/wp\/v2\/types\/page"}],"author":[{"embeddable":true,"href":"https:\/\/ronjakarkinen.fi\/index.php\/wp-json\/wp\/v2\/users\/1"}],"replies":[{"embeddable":true,"href":"https:\/\/ronjakarkinen.fi\/index.php\/wp-json\/wp\/v2\/comments?post=5"}],"version-history":[{"count":1,"href":"https:\/\/ronjakarkinen.fi\/index.php\/wp-json\/wp\/v2\/pages\/5\/revisions"}],"predecessor-version":[{"id":8,"href":"https:\/\/ronjakarkinen.fi\/index.php\/wp-json\/wp\/v2\/pages\/5\/revisions\/8"}],"wp:attachment":[{"href":"https:\/\/ronjakarkinen.fi\/index.php\/wp-json\/wp\/v2\/media?parent=5"}],"curies":[{"name":"wp","href":"https:\/\/api.w.org\/{rel}","templated":true}]}}